{"id":447,"date":"2020-11-19T20:38:22","date_gmt":"2020-11-19T20:38:22","guid":{"rendered":"https:\/\/antenna.sabanciuniv.edu\/?page_id=447"},"modified":"2021-08-16T12:09:58","modified_gmt":"2021-08-16T12:09:58","slug":"publications","status":"publish","type":"page","link":"https:\/\/antenna.sabanciuniv.edu\/index.php\/publications\/","title":{"rendered":"Publications"},"content":{"rendered":"\t\t<div data-elementor-type=\"wp-page\" data-elementor-id=\"447\" class=\"elementor elementor-447\" data-elementor-settings=\"[]\">\n\t\t\t\t\t\t<div class=\"elementor-inner\">\n\t\t\t\t\t\t\t<div class=\"elementor-section-wrap\">\n\t\t\t\t\t\t\t<section class=\"elementor-section elementor-top-section elementor-element elementor-element-631773f elementor-section-full_width elementor-section-height-default elementor-section-height-default\" data-id=\"631773f\" data-element_type=\"section\">\n\t\t\t\t\t\t<div class=\"elementor-container elementor-column-gap-default\">\n\t\t\t\t\t\t\t<div class=\"elementor-row\">\n\t\t\t\t\t<div class=\"elementor-column elementor-col-100 elementor-top-column elementor-element elementor-element-ad49f42\" data-id=\"ad49f42\" data-element_type=\"column\">\n\t\t\t<div class=\"elementor-column-wrap elementor-element-populated\">\n\t\t\t\t\t\t\t<div class=\"elementor-widget-wrap\">\n\t\t\t\t\t\t<div class=\"elementor-element elementor-element-5138a88 elementor-widget elementor-widget-image\" data-id=\"5138a88\" data-element_type=\"widget\" data-widget_type=\"image.default\">\n\t\t\t\t<div class=\"elementor-widget-container\">\n\t\t\t\t\t\t\t\t<div class=\"elementor-image\">\n\t\t\t\t\t\t\t\t\t\t\t\t\t<a href=\"https:\/\/scholar.google.com.tr\/citations?user=j8EPryYAAAAJ&#038;hl=en&#038;oi=ao\">\n\t\t\t\t\t\t\t<img decoding=\"async\" width=\"300\" height=\"50\" src=\"https:\/\/antenna.sabanciuniv.edu\/wp-content\/uploads\/2021\/01\/scholar-300x50.png\" class=\"attachment-medium size-medium\" alt=\"\" srcset=\"https:\/\/antenna.sabanciuniv.edu\/wp-content\/uploads\/2021\/01\/scholar-300x50.png 300w, https:\/\/antenna.sabanciuniv.edu\/wp-content\/uploads\/2021\/01\/scholar-1024x172.png 1024w, https:\/\/antenna.sabanciuniv.edu\/wp-content\/uploads\/2021\/01\/scholar-768x129.png 768w, https:\/\/antenna.sabanciuniv.edu\/wp-content\/uploads\/2021\/01\/scholar-1536x258.png 1536w, https:\/\/antenna.sabanciuniv.edu\/wp-content\/uploads\/2021\/01\/scholar-2048x344.png 2048w\" sizes=\"(max-width: 300px) 100vw, 300px\" \/>\t\t\t\t\t\t\t\t<\/a>\n\t\t\t\t\t\t\t\t\t\t\t\t\t\t<\/div>\n\t\t\t\t\t\t<\/div>\n\t\t\t\t<\/div>\n\t\t\t\t\t\t<\/div>\n\t\t\t\t\t<\/div>\n\t\t<\/div>\n\t\t\t\t\t\t\t\t<\/div>\n\t\t\t\t\t<\/div>\n\t\t<\/section>\n\t\t\t\t<section class=\"elementor-section elementor-top-section elementor-element elementor-element-77990ed elementor-section-full_width elementor-section-height-default elementor-section-height-default\" data-id=\"77990ed\" data-element_type=\"section\">\n\t\t\t\t\t\t<div class=\"elementor-container elementor-column-gap-default\">\n\t\t\t\t\t\t\t<div class=\"elementor-row\">\n\t\t\t\t\t<div class=\"elementor-column elementor-col-100 elementor-top-column elementor-element elementor-element-3cb4ea4\" data-id=\"3cb4ea4\" data-element_type=\"column\">\n\t\t\t<div class=\"elementor-column-wrap elementor-element-populated\">\n\t\t\t\t\t\t\t<div class=\"elementor-widget-wrap\">\n\t\t\t\t\t\t<div class=\"elementor-element elementor-element-f8edfc6 elementor-widget elementor-widget-html\" data-id=\"f8edfc6\" data-element_type=\"widget\" data-widget_type=\"html.default\">\n\t\t\t\t<div class=\"elementor-widget-container\">\n\t\t\t<script>\r\n\r\n\r\ndocument.addEventListener('DOMContentLoaded', function() {\r\njQuery(function($){\r\nlet toggletitles = $('.elementor-toggle-item .elementor-tab-title');\r\n\r\nlet strings = ['?pattents',\r\n'?book',\r\n'?journals',\r\n'?cpaper'\r\n];\r\n\r\nstrings.forEach( (string,i) => {\r\nif (window.location.href.indexOf(string) > -1) {\r\ntoggletitles.eq(i).click();\r\n$('html, body').animate({\r\nscrollTop: toggletitles.eq(i).offset().top - 100\r\n},'slow');\r\n} } );\r\n}); });\r\n<\/script>\t\t<\/div>\n\t\t\t\t<\/div>\n\t\t\t\t<div class=\"elementor-element elementor-element-76d95e7 elementor-widget elementor-widget-toggle\" data-id=\"76d95e7\" data-element_type=\"widget\" data-widget_type=\"toggle.default\">\n\t\t\t\t<div class=\"elementor-widget-container\">\n\t\t\t\t\t<div class=\"elementor-toggle\" role=\"tablist\">\n\t\t\t\t\t\t\t<div class=\"elementor-toggle-item\">\n\t\t\t\t\t<div id=\"elementor-tab-title-1241\" class=\"elementor-tab-title\" data-tab=\"1\" role=\"tab\" aria-controls=\"elementor-tab-content-1241\" aria-expanded=\"false\">\n\t\t\t\t\t\t\t\t\t\t\t\t<span class=\"elementor-toggle-icon elementor-toggle-icon-left\" aria-hidden=\"true\">\n\t\t\t\t\t\t\t\t\t\t\t\t\t\t\t<span class=\"elementor-toggle-icon-closed\"><i class=\"fas fa-caret-right\"><\/i><\/span>\n\t\t\t\t\t\t\t\t<span class=\"elementor-toggle-icon-opened\"><i class=\"elementor-toggle-icon-opened fas fa-caret-up\"><\/i><\/span>\n\t\t\t\t\t\t\t\t\t\t\t\t\t<\/span>\n\t\t\t\t\t\t\t\t\t\t\t\t<a href=\"\" class=\"elementor-toggle-title\">Patents<\/a>\n\t\t\t\t\t<\/div>\n\n\t\t\t\t\t<div id=\"elementor-tab-content-1241\" class=\"elementor-tab-content elementor-clearfix\" data-tab=\"1\" role=\"tabpanel\" aria-labelledby=\"elementor-tab-title-1241\"><table>\n<tbody>\n<td>1) Low-complexity full-duplex radio system with enhanced digital self-interference cancellation, Ozgur Gurbuz, Ibrahim Tekin, Mikail Yilan, Hayrettin Ayar (US- 16595773)\n <\/td>\n<tr>\n<td>2) Indoor positioning system based on GPS signals and pseudolites with outdoor directional antennas,Ayhan Bozkurt, Kerem Ozsoy, Ibrahim Tekin (AU-2009357510-B2)<\/td>\n<\/tr>\n<tr>\n<td>3) A biosensor and chemical sensor implementation using RF and microwave device, circuits and systems,Yasar Gurbuz, Ibrahim Tekin, \u00d6zg\u00fcr Gul , Mehmet Kaynak, Emre Heves (EP-1912062-B1)<\/td>\n<\/tr>\n<tr>\n<td>4) Traffic accident analysis sytem,Ibrahim Tekin, Ayhan Bozkurt (WO-2009133429-A1)<\/td>\n<\/tr>\n<tr>\n<td>5) A microstrip phased array antenna,Ibrahim Tekin, Mehmet Abbak (WO-2010106396-A1)<\/td>\n<\/tr>\n<tr>\n<td>6) Ultra wideband waveform generator circuit,Ibrahim Tekin (US-7864870-B2)<\/td>\n<\/tr>\n<tr>\n<td>7) Method and apparatus for estimating the location of a mobile terminal,Byron Hua Chen, Robert Ellis Richton, Ibrahim Tekin, Giovanni Vannucci (US-6658258-B1)<\/td>\n<\/tr>\n<tr>\n<td>8) Location finding using a single base station in CDMA\/TDMA systems,Byron Hua Chen, Tung Ching Chiang, Ibrahim Tekin (US-6300905-B1)<\/td>\n<\/tr>\n<tr>\n<td>9) Satellite-based location system employing dynamic integration techniques,Byron Hua Chen, Tung Ching Chiang, Ren Da, Ibrahim Tekin (US-6965760-B1)<\/td>\n<\/tr>\n<tr>\n<td>10) Location determination using weighted ridge regression,Byron H. Chen, Ren Da, Ibrahim Tekin (US-6587692-B1)<\/td>\n<\/tr>\n<tr>\n<td>11) Communications system and related method for determining a position of a mobile station,Byron Chen, Ren Da, Alex Matusevich, Ibrahim Tekin (US-2002160787-A1)<\/td>\n<\/tr>\n<tr>\n<td>12) Tsv-based on-chip antennas, measurement, and evaluation,Vasil Pano, Ibrahim Tekin, Baris Taskin, Kapil R. Dandekar, Yuqiao Liu (US-2020212538-A1)<\/td>\n<\/tr>\n<tr>\n<td>13) Double-differential fed, dual polarized patch antenna system with advanced interport RF isolation for IBFD transceivers,Ibrahim Tekin, Haq Nawaz (US-10756436-B2)<\/td>\n<\/tr>\n<tr>\n<td>14) Proc\u00e9d\u00e9 de combiner plusieurs mesures pour d\u00e9terminer la position d\u2019un \u00e9metteur-r\u00e9cepteur mobile,Tung Ching Chiang, John Freidenfelds, Byron Hua Chen, Ibrahim Tekin (EP-1030531-A1)<\/td>\n<\/tr>\n<tr>\n<td>15) Netzwerkaufr\u00fcstung durch Geopositionsinformation,Byron H. Chen, Tung C. Chiang, John Freidenfelds, Ibrahim Tekin (EP-1104211-A2)<\/td>\n<\/tr>\n\n<\/tr>\n<\/tbody>\n<\/table><\/div>\n\t\t\t\t<\/div>\n\t\t\t\t\t\t\t<div class=\"elementor-toggle-item\">\n\t\t\t\t\t<div id=\"elementor-tab-title-1242\" class=\"elementor-tab-title\" data-tab=\"2\" role=\"tab\" aria-controls=\"elementor-tab-content-1242\" aria-expanded=\"false\">\n\t\t\t\t\t\t\t\t\t\t\t\t<span class=\"elementor-toggle-icon elementor-toggle-icon-left\" aria-hidden=\"true\">\n\t\t\t\t\t\t\t\t\t\t\t\t\t\t\t<span class=\"elementor-toggle-icon-closed\"><i class=\"fas fa-caret-right\"><\/i><\/span>\n\t\t\t\t\t\t\t\t<span class=\"elementor-toggle-icon-opened\"><i class=\"elementor-toggle-icon-opened fas fa-caret-up\"><\/i><\/span>\n\t\t\t\t\t\t\t\t\t\t\t\t\t<\/span>\n\t\t\t\t\t\t\t\t\t\t\t\t<a href=\"\" class=\"elementor-toggle-title\">Book (Section\/Chapter)<\/a>\n\t\t\t\t\t<\/div>\n\n\t\t\t\t\t<div id=\"elementor-tab-content-1242\" class=\"elementor-tab-content elementor-clearfix\" data-tab=\"2\" role=\"tabpanel\" aria-labelledby=\"elementor-tab-title-1242\">&nbsp;\n\n<style>\ntable {<br \/>\n  border-collapse: collapse;<br \/>\n  width: 100%;<br \/>\n}<\/p>\n<p>th, td {<br \/>\n  text-align: left;<br \/>\n  padding: 8px;<br \/>\n}<\/p>\n<p>tr:nth-child(even) {background-color: #f2f2f2;}<br \/>\n<\/style>\n\n&nbsp;\n<table>\n<tbody>\n<tr>\n<td>1) Schreurs, Dominique and O\u2019Droma, Martin and Goacher, Anthony and Gadringer, Michael, eds. (2008) RF power amplifier behavioral modeling. The Cambridge RF and Microwave Engineering Series, Cambridge University Press<\/td>\n<\/tr>\n<\/tbody>\n<\/table>\n&nbsp;<\/div>\n\t\t\t\t<\/div>\n\t\t\t\t\t\t\t<div class=\"elementor-toggle-item\">\n\t\t\t\t\t<div id=\"elementor-tab-title-1243\" class=\"elementor-tab-title\" data-tab=\"3\" role=\"tab\" aria-controls=\"elementor-tab-content-1243\" aria-expanded=\"false\">\n\t\t\t\t\t\t\t\t\t\t\t\t<span class=\"elementor-toggle-icon elementor-toggle-icon-left\" aria-hidden=\"true\">\n\t\t\t\t\t\t\t\t\t\t\t\t\t\t\t<span class=\"elementor-toggle-icon-closed\"><i class=\"fas fa-caret-right\"><\/i><\/span>\n\t\t\t\t\t\t\t\t<span class=\"elementor-toggle-icon-opened\"><i class=\"elementor-toggle-icon-opened fas fa-caret-up\"><\/i><\/span>\n\t\t\t\t\t\t\t\t\t\t\t\t\t<\/span>\n\t\t\t\t\t\t\t\t\t\t\t\t<a href=\"\" class=\"elementor-toggle-title\">Journals & Conference Papers<\/a>\n\t\t\t\t\t<\/div>\n\n\t\t\t\t\t<div id=\"elementor-tab-content-1243\" class=\"elementor-tab-content elementor-clearfix\" data-tab=\"3\" role=\"tabpanel\" aria-labelledby=\"elementor-tab-title-1243\"><script src=\"https:\/\/bibbase.org\/show?bib=https%3A%2F%2Fantenna.sabanciuniv.edu%2Ftekin.bib&#038;commas=true&#038;jsonp=1\"><\/script>\n<\/div>\n\t\t\t\t<\/div>\n\t\t\t\t\t\t\t\t<\/div>\n\t\t\t\t<\/div>\n\t\t\t\t<\/div>\n\t\t\t\t\t\t<\/div>\n\t\t\t\t\t<\/div>\n\t\t<\/div>\n\t\t\t\t\t\t\t\t<\/div>\n\t\t\t\t\t<\/div>\n\t\t<\/section>\n\t\t\t\t\t\t<\/div>\n\t\t\t\t\t\t<\/div>\n\t\t\t\t\t<\/div>\n\t\t","protected":false},"excerpt":{"rendered":"<p>Patents 1) Low-complexity full-duplex radio system with enhanced digital self-interference cancellation, Ozgur Gurbuz, Ibrahim Tekin, Mikail Yilan, Hayrettin Ayar (US- 16595773) 2) Indoor positioning system based on GPS signals and pseudolites with outdoor directional antennas,Ayhan Bozkurt, Kerem Ozsoy, Ibrahim Tekin (AU-2009357510-B2) 3) A biosensor and chemical sensor implementation using RF and microwave device, circuits and [&hellip;]<\/p>\n","protected":false},"author":1,"featured_media":0,"parent":0,"menu_order":0,"comment_status":"closed","ping_status":"closed","template":"page-without-sidebar.php","meta":[],"_links":{"self":[{"href":"https:\/\/antenna.sabanciuniv.edu\/index.php\/wp-json\/wp\/v2\/pages\/447"}],"collection":[{"href":"https:\/\/antenna.sabanciuniv.edu\/index.php\/wp-json\/wp\/v2\/pages"}],"about":[{"href":"https:\/\/antenna.sabanciuniv.edu\/index.php\/wp-json\/wp\/v2\/types\/page"}],"author":[{"embeddable":true,"href":"https:\/\/antenna.sabanciuniv.edu\/index.php\/wp-json\/wp\/v2\/users\/1"}],"replies":[{"embeddable":true,"href":"https:\/\/antenna.sabanciuniv.edu\/index.php\/wp-json\/wp\/v2\/comments?post=447"}],"version-history":[{"count":106,"href":"https:\/\/antenna.sabanciuniv.edu\/index.php\/wp-json\/wp\/v2\/pages\/447\/revisions"}],"predecessor-version":[{"id":1545,"href":"https:\/\/antenna.sabanciuniv.edu\/index.php\/wp-json\/wp\/v2\/pages\/447\/revisions\/1545"}],"wp:attachment":[{"href":"https:\/\/antenna.sabanciuniv.edu\/index.php\/wp-json\/wp\/v2\/media?parent=447"}],"curies":[{"name":"wp","href":"https:\/\/api.w.org\/{rel}","templated":true}]}}